{"id":21,"date":"2026-01-05T16:56:09","date_gmt":"2026-01-05T16:56:09","guid":{"rendered":"https:\/\/novosite.maqcit.com.br\/?page_id=21"},"modified":"2026-02-26T16:04:04","modified_gmt":"2026-02-26T16:04:04","slug":"contato","status":"publish","type":"page","link":"https:\/\/novosite.maqcit.com.br\/index.php\/contato\/","title":{"rendered":"Contato"},"content":{"rendered":"\t\t<div data-elementor-type=\"wp-page\" data-elementor-id=\"21\" class=\"elementor elementor-21\">\n\t\t\t\t<div class=\"elementor-element elementor-element-21c7e27 e-flex e-con-boxed wpr-particle-no wpr-jarallax-no wpr-parallax-no wpr-sticky-section-no e-con e-parent\" data-id=\"21c7e27\" data-element_type=\"container\" data-e-type=\"container\">\n\t\t\t\t\t<div class=\"e-con-inner\">\n\t\t<div class=\"elementor-element elementor-element-5ec01e7 e-con-full e-flex wpr-particle-no wpr-jarallax-no wpr-parallax-no wpr-sticky-section-no e-con e-child\" data-id=\"5ec01e7\" data-element_type=\"container\" data-e-type=\"container\" data-settings=\"{&quot;background_background&quot;:&quot;classic&quot;}\">\n\t\t\t\t<div class=\"elementor-element elementor-element-12ea33d elementor-widget__width-initial elementor-widget elementor-widget-heading\" data-id=\"12ea33d\" data-element_type=\"widget\" data-e-type=\"widget\" data-widget_type=\"heading.default\">\n\t\t\t\t\t<h2 class=\"elementor-heading-title elementor-size-default\">contato<\/h2>\t\t\t\t<\/div>\n\t\t\t\t<div class=\"elementor-element elementor-element-a58da72 elementor-widget elementor-widget-heading\" data-id=\"a58da72\" data-element_type=\"widget\" data-e-type=\"widget\" data-widget_type=\"heading.default\">\n\t\t\t\t\t<h2 class=\"elementor-heading-title elementor-size-default\">Fale Conosco!<\/h2>\t\t\t\t<\/div>\n\t\t\t\t<div class=\"elementor-element elementor-element-c0fcdd9 elementor-position-inline-start elementor-view-default elementor-mobile-position-block-start elementor-widget elementor-widget-icon-box\" data-id=\"c0fcdd9\" data-element_type=\"widget\" data-e-type=\"widget\" data-widget_type=\"icon-box.default\">\n\t\t\t\t\t\t\t<div class=\"elementor-icon-box-wrapper\">\n\n\t\t\t\t\t\t<div class=\"elementor-icon-box-icon\">\n\t\t\t\t<span  class=\"elementor-icon\">\n\t\t\t\t<svg xmlns=\"http:\/\/www.w3.org\/2000\/svg\" xmlns:xlink=\"http:\/\/www.w3.org\/1999\/xlink\" id=\"Capa_1\" x=\"0px\" y=\"0px\" viewBox=\"0 0 368.16 368.16\" style=\"enable-background:new 0 0 368.16 368.16;\" xml:space=\"preserve\"><g>\t<g>\t\t<g>\t\t\t<path d=\"M184.08,0c-74.992,0-136,61.008-136,136c0,24.688,11.072,51.24,11.536,52.36c3.576,8.488,10.632,21.672,15.72,29.4    l93.248,141.288c3.816,5.792,9.464,9.112,15.496,9.112s11.68-3.32,15.496-9.104l93.256-141.296    c5.096-7.728,12.144-20.912,15.72-29.4c0.464-1.112,11.528-27.664,11.528-52.36C320.08,61.008,259.072,0,184.08,0z     M293.8,182.152c-3.192,7.608-9.76,19.872-14.328,26.8l-93.256,141.296c-1.84,2.792-2.424,2.792-4.264,0L88.696,208.952    c-4.568-6.928-11.136-19.2-14.328-26.808C74.232,181.816,64.08,157.376,64.08,136c0-66.168,53.832-120,120-120    c66.168,0,120,53.832,120,120C304.08,157.408,293.904,181.912,293.8,182.152z\"><\/path>\t\t\t<path d=\"M184.08,64.008c-39.704,0-72,32.304-72,72c0,39.696,32.296,72,72,72c39.704,0,72-32.304,72-72    C256.08,96.312,223.784,64.008,184.08,64.008z M184.08,192.008c-30.872,0-56-25.12-56-56s25.128-56,56-56s56,25.12,56,56    S214.952,192.008,184.08,192.008z\"><\/path>\t\t<\/g>\t<\/g><\/g><g><\/g><g><\/g><g><\/g><g><\/g><g><\/g><g><\/g><g><\/g><g><\/g><g><\/g><g><\/g><g><\/g><g><\/g><g><\/g><g><\/g><g><\/g><\/svg>\t\t\t\t<\/span>\n\t\t\t<\/div>\n\t\t\t\n\t\t\t\t\t\t<div class=\"elementor-icon-box-content\">\n\n\t\t\t\t\t\t\t\t\t<h3 class=\"elementor-icon-box-title\">\n\t\t\t\t\t\t<span  >\n\t\t\t\t\t\t\tLocaliza\u00e7\u00e3o\t\t\t\t\t\t<\/span>\n\t\t\t\t\t<\/h3>\n\t\t\t\t\n\t\t\t\t\t\t\t\t\t<p class=\"elementor-icon-box-description\">\n\t\t\t\t\t\tRua Volunt\u00e1rios da P\u00e1tria, 3744  Sala 16 - S\u00e3o Paulo, Brasil<br> Avenida Marques de S\u00e3o Vicente, 446  Sala 1107 - S\u00e3o Paulo, Brasil\n\t\t\t\t\t<\/p>\n\t\t\t\t\n\t\t\t<\/div>\n\t\t\t\n\t\t<\/div>\n\t\t\t\t\t\t<\/div>\n\t\t\t\t<div class=\"elementor-element elementor-element-92503f6 elementor-widget-divider--view-line elementor-widget elementor-widget-divider\" data-id=\"92503f6\" data-element_type=\"widget\" data-e-type=\"widget\" data-widget_type=\"divider.default\">\n\t\t\t\t\t\t\t<div class=\"elementor-divider\">\n\t\t\t<span class=\"elementor-divider-separator\">\n\t\t\t\t\t\t<\/span>\n\t\t<\/div>\n\t\t\t\t\t\t<\/div>\n\t\t\t\t<div class=\"elementor-element elementor-element-26a0817 elementor-position-inline-start elementor-view-default elementor-mobile-position-block-start elementor-widget elementor-widget-icon-box\" data-id=\"26a0817\" data-element_type=\"widget\" data-e-type=\"widget\" data-widget_type=\"icon-box.default\">\n\t\t\t\t\t\t\t<div class=\"elementor-icon-box-wrapper\">\n\n\t\t\t\t\t\t<div class=\"elementor-icon-box-icon\">\n\t\t\t\t<span  class=\"elementor-icon\">\n\t\t\t\t<svg xmlns=\"http:\/\/www.w3.org\/2000\/svg\" id=\"Outline\" viewBox=\"0 0 64 64\"><path d=\"m29.92 42.61-3.54-3.54.71-.71c.57-.56.88-1.32.88-2.12s-.31-1.55-.88-2.12c-1.17-1.17-3.07-1.17-4.24 0l-.71.71-3.53-3.54c-.48-.47-1.3-.34-1.61.26l-5.58 11.17-4.13 4.13c-.39.39-.39 1.02 0 1.41 0 0 5.63 5.63 5.66 5.66.39.39 1.03.39 1.41 0l.87-.86 6.4 3.84c.39.24.89.17 1.22-.15l2.83-2.83c.44-.44.34-1.24-.19-1.56l-5.51-3.31s9.65-4.83 9.68-4.84c.6-.3.74-1.13.26-1.6zm-5.66-7.07c.39-.39 1.03-.39 1.42 0s.38 1.02 0 1.41l-.71.71-1.41-1.42zm-10.6 16.26-4.25-4.24 2.83-2.83 4.25 4.24zm9.7 1.61-1.37 1.37-5.31-3.18 1.37-1.37zm-5.26-5.66-4.64-4.63 4.71-9.43 9.36 9.35zm25.9-10.75c-6.62 0-12 4.04-12 9 0 2.22 1.05 4.31 2.98 5.95l-.95 3.81c-.09.38.04.78.34 1.02.31.25.72.29 1.07.11l4.73-2.37c1.24.31 2.53.47 3.82.47 6.62 0 12-4.04 12-9s-5.38-9-12-9zm0 16c-1.24 0-2.48-.17-3.66-.5-.24-.07-.49-.04-.72.07l-3.13 1.56.58-2.32c.1-.39-.05-.8-.37-1.04-1.75-1.31-2.71-3-2.71-4.77 0-3.86 4.49-7 10-7s10 3.14 10 7-4.49 7-10 7zm-28-25c3.86 0 7-3.14 7-7s-3.14-7-7-7c-3.2 0-5.98 2.16-6.78 5.25-.14.53-.68.86-1.22.72-.53-.14-.86-.68-.72-1.22 1.03-3.97 4.61-6.75 8.72-6.75 4.96 0 9 4.04 9 9s-4.04 9-9 9c-4.11 0-7.69-2.78-8.72-6.75-.14-.54.18-1.08.72-1.22s1.08.18 1.22.72c.8 3.09 3.59 5.25 6.78 5.25zm1-5c0-.55-.45-1-1-1-1.65 0-3-1.35-3-3 0-1.3.84-2.4 2-2.82v-.18c0-.55.45-1 1-1s1 .45 1 1v.18c1.16.41 2 1.51 2 2.82 0 .55-.45 1-1 1s-1-.45-1-1-.45-1-1-1-1 .45-1 1 .45 1 1 1c1.65 0 3 1.35 3 3 0 1.3-.84 2.4-2 2.82v.18c0 .55-.45 1-1 1s-1-.45-1-1v-.18c-1.16-.41-2-1.51-2-2.82 0-.55.45-1 1-1s1 .45 1 1 .45 1 1 1 1-.45 1-1zm28 23c0 .55-.45 1-1 1s-1-.45-1-1 .45-1 1-1 1 .45 1 1zm-4 0c0 .55-.45 1-1 1s-1-.45-1-1 .45-1 1-1 1 .45 1 1zm8 0c0 .55-.45 1-1 1s-1-.45-1-1 .45-1 1-1 1 .45 1 1zm-16.72-23.31c.39.41 1.05.4 1.44 0l5.66-5.89c2.15-2.24 2.15-5.88 0-8.11-1.68-1.74-4.27-2.17-6.38-1.12-2.11-1.05-4.71-.62-6.38 1.12-2.15 2.24-2.15 5.88 0 8.11 0 0 5.65 5.88 5.66 5.89zm-4.22-12.61c.69-.72 1.59-1.08 2.5-1.08.65 0 1.3.19 1.89.57.33.22.76.22 1.09 0 1.41-.92 3.22-.71 4.39.51 1.42 1.47 1.42 3.87 0 5.34l-4.94 5.14-4.94-5.14c-1.42-1.47-1.42-3.87 0-5.34zm26.94 13.92v-3h-14v12h14v-5c0-.55.45-1 1-1s1 .45 1 1v6c0 .55-.45 1-1 1h-16c-.55 0-1-.45-1-1v-14c0-.55.45-1 1-1h16c.55 0 1 .45 1 1v4c0 .55-.45 1-1 1s-1-.45-1-1zm-8.55-.89c-.66-.33-1.45.17-1.45.89v6c0 .7.78 1.23 1.45.89l6-3c.73-.36.73-1.43 0-1.79 0 0-5.97-2.98-6-3zm.55 5.27v-2.76l2.76 1.38zm-15.08.91c.39.39.39 1.02 0 1.41l-2.12 2.12c-.39.39-1.04.37-1.41 0-.39-.39-.39-1.02 0-1.41l2.12-2.12c.39-.39 1.02-.39 1.41 0zm1.64 7.37h-3c-.55 0-1-.45-1-1s.45-1 1-1h3c.55 0 1 .45 1 1s-.45 1-1 1zm-8-10c.55 0 1 .45 1 1v3c0 .55-.45 1-1 1s-1-.45-1-1v-3c0-.55.45-1 1-1z\"><\/path><\/svg>\t\t\t\t<\/span>\n\t\t\t<\/div>\n\t\t\t\n\t\t\t\t\t\t<div class=\"elementor-icon-box-content\">\n\n\t\t\t\t\t\t\t\t\t<h3 class=\"elementor-icon-box-title\">\n\t\t\t\t\t\t<span  >\n\t\t\t\t\t\t\tRedes Sociais\t\t\t\t\t\t<\/span>\n\t\t\t\t\t<\/h3>\n\t\t\t\t\n\t\t\t\t\t\t\t\t\t<p class=\"elementor-icon-box-description\">\n\t\t\t\t\t\t<strong>Linkedin: <\/strong><span style=\"color: #ffffff\"><a style=\"color: #ffffff\" href=\"https:\/\/www.linkedin.com\/company\/maqcit-solucoes-inteligentes\/\">Maqcit Solu\u00e7\u00f5es Inteligentes<\/a><\/span><br>\n<strong>Instagram: <\/strong><span style=\"color: #ffffff\"><a style=\"color: #ffffff\" href=\"https:\/\/www.instagram.com\/maqcit\/\">@maqcit<\/a><\/span><br>\n<strong>Facebook: <\/strong> <span style=\"color: #ffffff\"><a style=\"color: #ffffff\" href=\"https:\/\/www.facebook.com\/profile.php?id=61584607394272&amp;mibextid=wwXIfr&amp;rdid=dBfZyH7RLUQqXZIP&amp;share_url=https%3A%2F%2Fwww.facebook.com%2Fshare%2F18Wzf4E7QW%2F%3Fmibextid%3DwwXIfr#\">Maqcit Solu\u00e7\u00f5es Inteligentes<\/a><\/span>\n\t\t\t\t\t<\/p>\n\t\t\t\t\n\t\t\t<\/div>\n\t\t\t\n\t\t<\/div>\n\t\t\t\t\t\t<\/div>\n\t\t\t\t<div class=\"elementor-element elementor-element-9989cd8 elementor-widget-divider--view-line elementor-widget elementor-widget-divider\" data-id=\"9989cd8\" data-element_type=\"widget\" data-e-type=\"widget\" data-widget_type=\"divider.default\">\n\t\t\t\t\t\t\t<div class=\"elementor-divider\">\n\t\t\t<span class=\"elementor-divider-separator\">\n\t\t\t\t\t\t<\/span>\n\t\t<\/div>\n\t\t\t\t\t\t<\/div>\n\t\t\t\t<div class=\"elementor-element elementor-element-9b43b4b elementor-position-inline-start elementor-view-default elementor-mobile-position-block-start elementor-widget elementor-widget-icon-box\" data-id=\"9b43b4b\" data-element_type=\"widget\" data-e-type=\"widget\" data-widget_type=\"icon-box.default\">\n\t\t\t\t\t\t\t<div class=\"elementor-icon-box-wrapper\">\n\n\t\t\t\t\t\t<div class=\"elementor-icon-box-icon\">\n\t\t\t\t<span  class=\"elementor-icon\">\n\t\t\t\t<svg xmlns=\"http:\/\/www.w3.org\/2000\/svg\" id=\"Layer_1\" height=\"512\" viewBox=\"0 0 90 90\" width=\"512\"><g><path d=\"m32.991 24.801h46.908l-25.624 20.122c-.543.426-1.189.634-1.775.691-.59-.058-1.238-.266-1.787-.691l-18.312-14.385c-.194-.156-.413-.275-.654-.349.862-1.216 1.354-2.687 1.328-4.272-.005-.363-.037-.737-.084-1.116zm-11.929-12.941c.059.01.156.047.367.145.417.198 1.08.708 1.729 1.419 1.307 1.424 2.613 3.581 3.291 5.005.021.042.043.088.063.135 1.924 3.301 2.754 5.826 2.779 7.41.027 1.591-.4 2.276-1.749 3.051l-3.48 2.006c-2.267 1.305-3.338 3.644-3.604 5.826-.267 2.183.126 4.304 1.097 5.981l8.59 14.805c.973 1.676 2.634 3.078 4.665 3.939 2.033.863 4.604 1.107 6.871-.195l3.48-2.002c1.348-.773 2.163-.789 3.532.025 1.373.816 3.156 2.787 5.072 6.09.027.049.053.09.084.137.898 1.295 2.121 3.492 2.711 5.332.293.914.408 1.74.371 2.197-.041.459-.051.412-.172.484l-2.648 1.518c-6.652 2.885-12.749 2.234-18.198-.592-5.459-2.838-10.204-7.963-13.512-13.98-.011-.012-.016-.027-.025-.035l-7.246-12.488c-.012-.012-.017-.023-.027-.039-3.585-5.86-5.674-12.513-5.412-18.634.262-6.112 2.742-11.684 8.584-15.971l2.649-1.513c.061-.035.081-.062.138-.056zm.027-3.721c-.701-.011-1.416.136-2.059.509l-2.801 1.611c-.063.036-.121.073-.178.109-6.739 4.932-9.842 11.798-10.145 18.875-.303 7.074 2.059 14.375 5.961 20.758l7.222 12.445-.017-.037c3.605 6.551 8.771 12.234 15.084 15.508 6.316 3.279 13.84 4.039 21.504.697.063-.027.127-.057.184-.092l2.805-1.611c1.297-.738 1.949-2.174 2.055-3.428.109-1.25-.146-2.467-.533-3.666-.758-2.371-2.08-4.674-3.172-6.254-2.063-3.549-4.055-6.012-6.357-7.389-2.32-1.383-5.105-1.363-7.377-.057l-3.48 2.006c-1.028.592-2.23.523-3.495-.012-1.259-.535-2.425-1.605-2.858-2.355l-8.59-14.804c-.434-.754-.789-2.292-.621-3.648.162-1.352.711-2.411 1.74-3.004l3.381-1.944c.088.453.344.864.715 1.14l18.313 14.388c1.191.936 2.602 1.457 4.023 1.539.072.004.146.004.219 0 1.422-.082 2.826-.604 4.018-1.539l25.222-19.814v32.734c0 .498-.568 1.154-1.682 1.154h-17.461c-1.051-.006-1.902.842-1.902 1.887 0 1.043.852 1.891 1.902 1.885h17.461c2.854 0 5.477-2.063 5.477-4.926v-34.849c0-2.865-2.623-4.927-5.477-4.927h-48.218c-.534-1.335-1.239-2.75-2.127-4.288-.831-1.73-2.179-4.017-3.866-5.856-.852-.932-1.771-1.758-2.92-2.292v.005c-.571-.27-1.25-.443-1.95-.458z\"><\/path><\/g><\/svg>\t\t\t\t<\/span>\n\t\t\t<\/div>\n\t\t\t\n\t\t\t\t\t\t<div class=\"elementor-icon-box-content\">\n\n\t\t\t\t\t\t\t\t\t<h3 class=\"elementor-icon-box-title\">\n\t\t\t\t\t\t<span  >\n\t\t\t\t\t\t\tAtendimento das 08H \u00e0s 18:00\t\t\t\t\t\t<\/span>\n\t\t\t\t\t<\/h3>\n\t\t\t\t\n\t\t\t\t\t\t\t\t\t<p class=\"elementor-icon-box-description\">\n\t\t\t\t\t\t<strong>E-mail:<\/strong> \ncontato@maqcit.com.br\n<br><strong>WhatsApp:<\/strong> (11) 3562-9999<br>\n<strong>Fixo:<\/strong> (11) 2952-5744\t\t\t\t\t<\/p>\n\t\t\t\t\n\t\t\t<\/div>\n\t\t\t\n\t\t<\/div>\n\t\t\t\t\t\t<\/div>\n\t\t\t\t<\/div>\n\t\t<div class=\"elementor-element elementor-element-8116d3e e-con-full e-flex wpr-particle-no wpr-jarallax-no wpr-parallax-no wpr-sticky-section-no e-con e-child\" data-id=\"8116d3e\" data-element_type=\"container\" data-e-type=\"container\" data-settings=\"{&quot;background_background&quot;:&quot;classic&quot;}\">\n\t\t\t\t<div class=\"elementor-element elementor-element-9a376b8 elementor-widget elementor-widget-heading\" data-id=\"9a376b8\" data-element_type=\"widget\" data-e-type=\"widget\" data-widget_type=\"heading.default\">\n\t\t\t\t\t<h2 class=\"elementor-heading-title elementor-size-default\">Vamos Come\u00e7ar?<\/h2>\t\t\t\t<\/div>\n\t\t\t\t<div class=\"elementor-element elementor-element-92737cc elementor-widget elementor-widget-heading\" data-id=\"92737cc\" data-element_type=\"widget\" data-e-type=\"widget\" data-widget_type=\"heading.default\">\n\t\t\t\t\t<h2 class=\"elementor-heading-title elementor-size-default\">Sua TI, simplificada, eficiente e atualizada.<\/h2>\t\t\t\t<\/div>\n\t\t\t\t<div class=\"elementor-element elementor-element-65a50c2 elementor-widget elementor-widget-htmega-contactform-addons\" data-id=\"65a50c2\" data-element_type=\"widget\" data-e-type=\"widget\" data-widget_type=\"htmega-contactform-addons.default\">\n\t\t\t\t<div class=\"elementor-widget-container\">\n\t\t\t\t\t            <div class=\"htmega-form-wrapper sid65a50c2 htmega-form-style-1\" >\n                \n<div class=\"wpcf7 no-js\" id=\"wpcf7-f337-o1\" lang=\"pt-BR\" dir=\"ltr\" data-wpcf7-id=\"337\">\n<div class=\"screen-reader-response\"><p role=\"status\" aria-live=\"polite\" aria-atomic=\"true\"><\/p> <ul><\/ul><\/div>\n<form action=\"\/index.php\/wp-json\/wp\/v2\/pages\/21#wpcf7-f337-o1\" method=\"post\" class=\"wpcf7-form init\" aria-label=\"Formul\u00e1rios de contato\" novalidate=\"novalidate\" data-status=\"init\">\n<fieldset class=\"hidden-fields-container\"><input type=\"hidden\" name=\"_wpcf7\" value=\"337\" \/><input type=\"hidden\" name=\"_wpcf7_version\" value=\"6.1.5\" \/><input type=\"hidden\" name=\"_wpcf7_locale\" value=\"pt_BR\" \/><input type=\"hidden\" name=\"_wpcf7_unit_tag\" value=\"wpcf7-f337-o1\" \/><input type=\"hidden\" name=\"_wpcf7_container_post\" value=\"0\" \/><input type=\"hidden\" name=\"_wpcf7_posted_data_hash\" value=\"\" \/>\n<\/fieldset>\n<p><label><span class=\"wpcf7-form-control-wrap\" data-name=\"Nome\"><input size=\"40\" maxlength=\"400\" class=\"wpcf7-form-control wpcf7-text wpcf7-validates-as-required\" aria-required=\"true\" aria-invalid=\"false\" placeholder=\"Nome\" value=\"\" type=\"text\" name=\"Nome\" \/><\/span><\/label>\n<\/p>\n<p><span class=\"wpcf7-form-control-wrap\" data-name=\"Telefone\"><input size=\"40\" maxlength=\"400\" class=\"wpcf7-form-control wpcf7-tel wpcf7-validates-as-required wpcf7-text wpcf7-validates-as-tel\" aria-required=\"true\" aria-invalid=\"false\" placeholder=\"Telefone\" value=\"\" type=\"tel\" name=\"Telefone\" \/><\/span>\n<\/p>\n<p><span class=\"wpcf7-form-control-wrap\" data-name=\"E-mail\"><input size=\"40\" maxlength=\"400\" class=\"wpcf7-form-control wpcf7-email wpcf7-validates-as-required wpcf7-text wpcf7-validates-as-email\" aria-required=\"true\" aria-invalid=\"false\" placeholder=\"E-mail\" value=\"\" type=\"email\" name=\"E-mail\" \/><\/span>\n<\/p>\n<p><label><span class=\"wpcf7-form-control-wrap\" data-name=\"Empresa\"><input size=\"40\" maxlength=\"400\" class=\"wpcf7-form-control wpcf7-text wpcf7-validates-as-required\" aria-required=\"true\" aria-invalid=\"false\" placeholder=\"Empresa\" value=\"\" type=\"text\" name=\"Empresa\" \/><\/span><\/label>\n<\/p>\n<p><span class=\"wpcf7-form-control-wrap\" data-name=\"Mensagem\"><textarea cols=\"40\" rows=\"10\" maxlength=\"2000\" class=\"wpcf7-form-control wpcf7-textarea\" aria-invalid=\"false\" placeholder=\"Mensagem\" name=\"Mensagem\"><\/textarea><\/span>\n<\/p>\n<p><input class=\"wpcf7-form-control wpcf7-submit has-spinner\" type=\"submit\" value=\"Enviar\" \/>\n<\/p><div class=\"wpcf7-response-output\" aria-hidden=\"true\"><\/div>\n<\/form>\n<\/div>\n            <\/div>\n\n\n        \t\t\t\t<\/div>\n\t\t\t\t<\/div>\n\t\t\t\t<\/div>\n\t\t\t\t\t<\/div>\n\t\t\t\t<\/div>\n\t\t\t\t<\/div>\n\t\t","protected":false},"excerpt":{"rendered":"<p>contato Fale Conosco! Localiza\u00e7\u00e3o Rua Volunt\u00e1rios da P\u00e1tria, 3744 Sala 16 &#8211; S\u00e3o Paulo, Brasil Avenida Marques de S\u00e3o Vicente, 446 Sala 1107 &#8211; S\u00e3o Paulo, Brasil Redes Sociais Linkedin: Maqcit Solu\u00e7\u00f5es Inteligentes Instagram: @maqcit Facebook: Maqcit Solu\u00e7\u00f5es Inteligentes Atendimento das 08H \u00e0s 18:00 E-mail: contato@maqcit.com.br WhatsApp: (11) 3562-9999 Fixo: (11) 2952-5744 Vamos Come\u00e7ar? Sua TI, simplificada, eficiente e atualizada.<\/p>\n","protected":false},"author":1,"featured_media":0,"parent":0,"menu_order":0,"comment_status":"closed","ping_status":"closed","template":"elementor_header_footer","meta":{"_joinchat":[],"footnotes":""},"class_list":["post-21","page","type-page","status-publish","hentry"],"_links":{"self":[{"href":"https:\/\/novosite.maqcit.com.br\/index.php\/wp-json\/wp\/v2\/pages\/21","targetHints":{"allow":["GET"]}}],"collection":[{"href":"https:\/\/novosite.maqcit.com.br\/index.php\/wp-json\/wp\/v2\/pages"}],"about":[{"href":"https:\/\/novosite.maqcit.com.br\/index.php\/wp-json\/wp\/v2\/types\/page"}],"author":[{"embeddable":true,"href":"https:\/\/novosite.maqcit.com.br\/index.php\/wp-json\/wp\/v2\/users\/1"}],"replies":[{"embeddable":true,"href":"https:\/\/novosite.maqcit.com.br\/index.php\/wp-json\/wp\/v2\/comments?post=21"}],"version-history":[{"count":9,"href":"https:\/\/novosite.maqcit.com.br\/index.php\/wp-json\/wp\/v2\/pages\/21\/revisions"}],"predecessor-version":[{"id":2150,"href":"https:\/\/novosite.maqcit.com.br\/index.php\/wp-json\/wp\/v2\/pages\/21\/revisions\/2150"}],"wp:attachment":[{"href":"https:\/\/novosite.maqcit.com.br\/index.php\/wp-json\/wp\/v2\/media?parent=21"}],"curies":[{"name":"wp","href":"https:\/\/api.w.org\/{rel}","templated":true}]}}